{"id":241,"date":"2022-10-25T02:19:31","date_gmt":"2022-10-25T02:19:31","guid":{"rendered":"https:\/\/www.crea.gov.co\/crea-la-pepita\/?page_id=241"},"modified":"2022-10-25T02:19:32","modified_gmt":"2022-10-25T02:19:32","slug":"concurso","status":"publish","type":"page","link":"https:\/\/www.crea.gov.co\/crea-la-pepita\/concurso\/","title":{"rendered":"Concurso"},"content":{"rendered":"\t\t<div class=\"fotorama responsive-image-silder\" \n\t\t\tdata-width=\"100%\" \n\t\t\tdata-height=\"\" \n\t\t\tdata-nav=\"dots\"\n\t\t\tdata-navwidth=\"\"\t\t\n\t\t\tdata-allowfullscreen=\"true\" \n\t\t\tdata-fit=\"cover\" \n\t\t\tdata-transitionduration=\"300\" \n\t\t\tdata-autoplay=\"true\" \n\t\t\tdata-loop=\"true\" \n\t\t\tdata-arrows=\"true\" \n\t\t\tdata-swipe=\"true\" \n\t\t\tdata-spinner=\"true\" \n\t\t\tdata-transition=\"slide\" \n\t\t>\n\t\t\t\t\t\t\t\t<img decoding=\"async\" src=\"https:\/\/www.crea.gov.co\/crea-la-pepita\/wp-content\/uploads\/sites\/16\/2022\/10\/WhatsApp-Image-2022-10-31-at-2.00.04-PM.jpeg\" data-caption=\"\">\n\t\t\t\t\t\t\t\t\t\t \t\t\t\t\t<img decoding=\"async\" src=\"https:\/\/www.crea.gov.co\/crea-la-pepita\/wp-content\/uploads\/sites\/16\/2022\/10\/WhatsApp-Image-2022-10-31-at-1.16.42-PM.jpeg\" data-caption=\"\">\n\t\t\t\t\t\t\t\t\t\t \t\t\t\t\t<img decoding=\"async\" src=\"https:\/\/www.crea.gov.co\/crea-la-pepita\/wp-content\/uploads\/sites\/16\/2022\/10\/WhatsApp-Image-2022-10-31-at-4.01.48-PM.jpeg\" data-caption=\"\">\n\t\t\t\t\t\t\t\t\t\t \t\t\t\t\t<img decoding=\"async\" src=\"https:\/\/www.crea.gov.co\/crea-la-pepita\/wp-content\/uploads\/sites\/16\/2022\/10\/WhatsApp-Image-2022-10-31-at-4.01.47-PM.jpeg\" data-caption=\"\">\n\t\t\t\t\t\t\t\t\t\t \t\t\t\t\t<img decoding=\"async\" src=\"https:\/\/www.crea.gov.co\/crea-la-pepita\/wp-content\/uploads\/sites\/16\/2022\/10\/WhatsApp-Image-2022-10-27-at-5.00.22-PM.jpeg\" data-caption=\"\">\n\t\t\t\t\t\t\t\t\t\t \t\t\t\t\t<img decoding=\"async\" src=\"https:\/\/www.crea.gov.co\/crea-la-pepita\/wp-content\/uploads\/sites\/16\/2022\/10\/WhatsApp-Image-2022-10-27-at-9.58.33-AM.jpeg\" data-caption=\"\">\n\t\t\t\t\t\t\t\t\t\t \t\t\t\t\t<img decoding=\"async\" src=\"https:\/\/www.crea.gov.co\/crea-la-pepita\/wp-content\/uploads\/sites\/16\/2022\/10\/WhatsApp-Image-2022-10-31-at-2.02.12-PM-1.jpeg\" data-caption=\"\">\n\t\t\t\t\t\t\t\t\t\t \t\t\t\t\t<img decoding=\"async\" src=\"https:\/\/www.crea.gov.co\/crea-la-pepita\/wp-content\/uploads\/sites\/16\/2022\/10\/WhatsApp-Image-2022-10-31-at-4.01.47-PM-1.jpeg\" data-caption=\"\">\n\t\t\t\t\t\t\t\t\t\t \t\t\t\t\t<img decoding=\"async\" src=\"https:\/\/www.crea.gov.co\/crea-la-pepita\/wp-content\/uploads\/sites\/16\/2022\/10\/NINOS_1-scaled.jpg\" data-caption=\"\">\n\t\t\t\t\t\t\t\t\t\t \t\t\t\t\t<img decoding=\"async\" src=\"https:\/\/www.crea.gov.co\/crea-la-pepita\/wp-content\/uploads\/sites\/16\/2022\/10\/P1080329.jpg\" data-caption=\"\">\n\t\t\t\t\t\t\t\t\t\t \t\t\t\t\t<img decoding=\"async\" src=\"https:\/\/www.crea.gov.co\/crea-la-pepita\/wp-content\/uploads\/sites\/16\/2022\/10\/FAMILIA-2-scaled.jpg\" data-caption=\"\">\n\t\t\t\t\t\t\t\t\t\t \t\t\t\t\t<img decoding=\"async\" src=\"https:\/\/www.crea.gov.co\/crea-la-pepita\/wp-content\/uploads\/sites\/16\/2022\/10\/P1080335.jpg\" data-caption=\"\">\n\t\t\t\t\t\t\t\t\t\t \t\t\t\t\t<img decoding=\"async\" src=\"https:\/\/www.crea.gov.co\/crea-la-pepita\/wp-content\/uploads\/sites\/16\/2022\/10\/FAMILIA-1-scaled.jpg\" data-caption=\"\">\n\t\t\t\t\t\t\t\t\t\t \t\t\t\t\t<img decoding=\"async\" src=\"https:\/\/www.crea.gov.co\/crea-la-pepita\/wp-content\/uploads\/sites\/16\/2022\/10\/DJS-scaled.jpg\" data-caption=\"\">\n\t\t\t\t\t\t\t\t\t\t \t\t\t\t\t<img decoding=\"async\" src=\"https:\/\/www.crea.gov.co\/crea-la-pepita\/wp-content\/uploads\/sites\/16\/2022\/10\/SENORAS-scaled.jpg\" data-caption=\"\">\n\t\t\t\t\t\t\t\t\t\t \t\t\t\t\t<img decoding=\"async\" src=\"https:\/\/www.crea.gov.co\/crea-la-pepita\/wp-content\/uploads\/sites\/16\/2022\/10\/P1080342.jpg\" data-caption=\"\">\n\t\t\t\t\t\t\t\t\t\t \t\t\t\t\t<img decoding=\"async\" src=\"https:\/\/www.crea.gov.co\/crea-la-pepita\/wp-content\/uploads\/sites\/16\/2022\/10\/P1080345.jpg\" data-caption=\"\">\n\t\t\t\t\t\t\t\t\t\t \t\t\t\t\t<img decoding=\"async\" src=\"https:\/\/www.crea.gov.co\/crea-la-pepita\/wp-content\/uploads\/sites\/16\/2022\/10\/P1080340.jpg\" data-caption=\"\">\n\t\t\t\t\t\t\t\t\t\t \t\t<\/div>\n\t\t\n","protected":false},"excerpt":{"rendered":"","protected":false},"author":7,"featured_media":0,"parent":0,"menu_order":0,"comment_status":"closed","ping_status":"closed","template":"","meta":{"footnotes":""},"class_list":["post-241","page","type-page","status-publish","hentry"],"yoast_head":"<!-- This site is optimized with the Yoast SEO plugin v24.5 - https:\/\/yoast.com\/wordpress\/plugins\/seo\/ -->\n<title>Concurso - Crea La Pepita<\/title>\n<meta name=\"robots\" content=\"index, follow, max-snippet:-1, max-image-preview:large, max-video-preview:-1\" \/>\n<link rel=\"canonical\" href=\"https:\/\/www.crea.gov.co\/crea-la-pepita\/concurso\/\" \/>\n<meta property=\"og:locale\" content=\"es_ES\" \/>\n<meta property=\"og:type\" content=\"article\" \/>\n<meta property=\"og:title\" content=\"Concurso - Crea La Pepita\" \/>\n<meta property=\"og:url\" content=\"https:\/\/www.crea.gov.co\/crea-la-pepita\/concurso\/\" \/>\n<meta property=\"og:site_name\" content=\"Crea La Pepita\" \/>\n<meta property=\"article:modified_time\" content=\"2022-10-25T02:19:32+00:00\" \/>\n<meta name=\"twitter:card\" content=\"summary_large_image\" \/>\n<script type=\"application\/ld+json\" class=\"yoast-schema-graph\">{\"@context\":\"https:\/\/schema.org\",\"@graph\":[{\"@type\":\"WebPage\",\"@id\":\"https:\/\/www.crea.gov.co\/crea-la-pepita\/concurso\/\",\"url\":\"https:\/\/www.crea.gov.co\/crea-la-pepita\/concurso\/\",\"name\":\"Concurso - Crea La Pepita\",\"isPartOf\":{\"@id\":\"https:\/\/www.crea.gov.co\/crea-la-pepita\/#website\"},\"datePublished\":\"2022-10-25T02:19:31+00:00\",\"dateModified\":\"2022-10-25T02:19:32+00:00\",\"breadcrumb\":{\"@id\":\"https:\/\/www.crea.gov.co\/crea-la-pepita\/concurso\/#breadcrumb\"},\"inLanguage\":\"es-CO\",\"potentialAction\":[{\"@type\":\"ReadAction\",\"target\":[\"https:\/\/www.crea.gov.co\/crea-la-pepita\/concurso\/\"]}]},{\"@type\":\"BreadcrumbList\",\"@id\":\"https:\/\/www.crea.gov.co\/crea-la-pepita\/concurso\/#breadcrumb\",\"itemListElement\":[{\"@type\":\"ListItem\",\"position\":1,\"name\":\"Home\",\"item\":\"https:\/\/www.crea.gov.co\/crea-la-pepita\/\"},{\"@type\":\"ListItem\",\"position\":2,\"name\":\"Concurso\"}]},{\"@type\":\"WebSite\",\"@id\":\"https:\/\/www.crea.gov.co\/crea-la-pepita\/#website\",\"url\":\"https:\/\/www.crea.gov.co\/crea-la-pepita\/\",\"name\":\"Crea La Pepita\",\"description\":\"Ubicado en un sector en el que el comercio y la vida urbana se cruzan todos los d\u00edas, este centro de formaci\u00f3n abre sus puertas a una comunidad marcada por la diversidad y el movimiento del centro de Bogot\u00e1. Aqu\u00ed, el arte se convierte en una forma de narrar las historias del barrio y de crear nuevos encuentros entre quienes comparten este territorio lleno de contrastes\",\"potentialAction\":[{\"@type\":\"SearchAction\",\"target\":{\"@type\":\"EntryPoint\",\"urlTemplate\":\"https:\/\/www.crea.gov.co\/crea-la-pepita\/?s={search_term_string}\"},\"query-input\":{\"@type\":\"PropertyValueSpecification\",\"valueRequired\":true,\"valueName\":\"search_term_string\"}}],\"inLanguage\":\"es-CO\"}]}<\/script>\n<!-- \/ Yoast SEO plugin. -->","yoast_head_json":{"title":"Concurso - Crea La Pepita","robots":{"index":"index","follow":"follow","max-snippet":"max-snippet:-1","max-image-preview":"max-image-preview:large","max-video-preview":"max-video-preview:-1"},"canonical":"https:\/\/www.crea.gov.co\/crea-la-pepita\/concurso\/","og_locale":"es_ES","og_type":"article","og_title":"Concurso - Crea La Pepita","og_url":"https:\/\/www.crea.gov.co\/crea-la-pepita\/concurso\/","og_site_name":"Crea La Pepita","article_modified_time":"2022-10-25T02:19:32+00:00","twitter_card":"summary_large_image","schema":{"@context":"https:\/\/schema.org","@graph":[{"@type":"WebPage","@id":"https:\/\/www.crea.gov.co\/crea-la-pepita\/concurso\/","url":"https:\/\/www.crea.gov.co\/crea-la-pepita\/concurso\/","name":"Concurso - Crea La Pepita","isPartOf":{"@id":"https:\/\/www.crea.gov.co\/crea-la-pepita\/#website"},"datePublished":"2022-10-25T02:19:31+00:00","dateModified":"2022-10-25T02:19:32+00:00","breadcrumb":{"@id":"https:\/\/www.crea.gov.co\/crea-la-pepita\/concurso\/#breadcrumb"},"inLanguage":"es-CO","potentialAction":[{"@type":"ReadAction","target":["https:\/\/www.crea.gov.co\/crea-la-pepita\/concurso\/"]}]},{"@type":"BreadcrumbList","@id":"https:\/\/www.crea.gov.co\/crea-la-pepita\/concurso\/#breadcrumb","itemListElement":[{"@type":"ListItem","position":1,"name":"Home","item":"https:\/\/www.crea.gov.co\/crea-la-pepita\/"},{"@type":"ListItem","position":2,"name":"Concurso"}]},{"@type":"WebSite","@id":"https:\/\/www.crea.gov.co\/crea-la-pepita\/#website","url":"https:\/\/www.crea.gov.co\/crea-la-pepita\/","name":"Crea La Pepita","description":"Ubicado en un sector en el que el comercio y la vida urbana se cruzan todos los d\u00edas, este centro de formaci\u00f3n abre sus puertas a una comunidad marcada por la diversidad y el movimiento del centro de Bogot\u00e1. Aqu\u00ed, el arte se convierte en una forma de narrar las historias del barrio y de crear nuevos encuentros entre quienes comparten este territorio lleno de contrastes","potentialAction":[{"@type":"SearchAction","target":{"@type":"EntryPoint","urlTemplate":"https:\/\/www.crea.gov.co\/crea-la-pepita\/?s={search_term_string}"},"query-input":{"@type":"PropertyValueSpecification","valueRequired":true,"valueName":"search_term_string"}}],"inLanguage":"es-CO"}]}},"_links":{"self":[{"href":"https:\/\/www.crea.gov.co\/crea-la-pepita\/wp-json\/wp\/v2\/pages\/241","targetHints":{"allow":["GET"]}}],"collection":[{"href":"https:\/\/www.crea.gov.co\/crea-la-pepita\/wp-json\/wp\/v2\/pages"}],"about":[{"href":"https:\/\/www.crea.gov.co\/crea-la-pepita\/wp-json\/wp\/v2\/types\/page"}],"author":[{"embeddable":true,"href":"https:\/\/www.crea.gov.co\/crea-la-pepita\/wp-json\/wp\/v2\/users\/7"}],"replies":[{"embeddable":true,"href":"https:\/\/www.crea.gov.co\/crea-la-pepita\/wp-json\/wp\/v2\/comments?post=241"}],"version-history":[{"count":1,"href":"https:\/\/www.crea.gov.co\/crea-la-pepita\/wp-json\/wp\/v2\/pages\/241\/revisions"}],"predecessor-version":[{"id":242,"href":"https:\/\/www.crea.gov.co\/crea-la-pepita\/wp-json\/wp\/v2\/pages\/241\/revisions\/242"}],"wp:attachment":[{"href":"https:\/\/www.crea.gov.co\/crea-la-pepita\/wp-json\/wp\/v2\/media?parent=241"}],"curies":[{"name":"wp","href":"https:\/\/api.w.org\/{rel}","templated":true}]}}